{"id":863,"date":"2026-03-06T10:29:32","date_gmt":"2026-03-06T10:29:32","guid":{"rendered":"https:\/\/www.tapiokyllonen.fi\/?page_id=863"},"modified":"2026-03-27T03:51:23","modified_gmt":"2026-03-27T01:51:23","slug":"insight","status":"publish","type":"page","link":"https:\/\/www.tapiokyllonen.fi\/index.php\/skillhill-capability-builder\/insight\/","title":{"rendered":"Insight"},"content":{"rendered":"\n<p style=\"font-style:normal;font-weight:600\">Thinking in Action<\/p>\n\n\n\n<p class=\"has-medium-font-size\">Practical reflections on leadership, execution, culture, AI readiness, and commercial governance.<\/p>\n\n\n\n<p class=\"is-style-text-subtitle has-large-font-size is-style-text-subtitle--1\" style=\"font-style:normal;font-weight:600\">Listen us in Spotify &#8220;P\u00e4\u00e4tt\u00e4j\u00e4podi&#8221;<\/p>\n\n\n\n<div class=\"wp-block-columns is-layout-flex wp-container-core-columns-is-layout-28f84493 wp-block-columns-is-layout-flex\">\n<div class=\"wp-block-column is-layout-flow wp-block-column-is-layout-flow\">\n<figure class=\"wp-block-embed is-type-rich is-provider-spotify wp-block-embed-spotify wp-embed-aspect-21-9 wp-has-aspect-ratio\"><div class=\"wp-block-embed__wrapper\">\n<iframe title=\"Spotify Embed: P\u00e4\u00e4tt\u00e4j\u00e4podi: Miksi P\u00e4\u00e4t\u00f6ksenteko on juuri nyt niin vaikeaa?\" style=\"border-radius: 12px\" width=\"100%\" height=\"152\" frameborder=\"0\" allowfullscreen allow=\"autoplay; clipboard-write; encrypted-media; fullscreen; picture-in-picture\" loading=\"lazy\" src=\"https:\/\/open.spotify.com\/embed\/episode\/1MVLPotGG3TtVGLnnMcLp6?si=zXxEuVViQim91yKt-dE3iw&amp;utm_source=oembed\"><\/iframe>\n<\/div><\/figure>\n<\/div>\n\n\n\n<div class=\"wp-block-column is-layout-flow wp-block-column-is-layout-flow\">\n<figure class=\"wp-block-embed is-type-rich is-provider-spotify wp-block-embed-spotify wp-embed-aspect-21-9 wp-has-aspect-ratio\"><div class=\"wp-block-embed__wrapper\">\n<iframe title=\"Spotify Embed: P\u00e4\u00e4tt\u00e4j\u00e4podi jakso 2 Mist\u00e4 p\u00e4\u00e4t\u00f6ksenteossa on kyse?\" style=\"border-radius: 12px\" width=\"100%\" height=\"152\" frameborder=\"0\" allowfullscreen allow=\"autoplay; clipboard-write; encrypted-media; fullscreen; picture-in-picture\" loading=\"lazy\" src=\"https:\/\/open.spotify.com\/embed\/episode\/3hlAVmISxwkNaEd8oEmhlC?si=yn2WFXpfS2iVtSMReWOq7Q&amp;utm_source=oembed\"><\/iframe>\n<\/div><\/figure>\n<\/div>\n\n\n\n<div class=\"wp-block-column is-layout-flow wp-block-column-is-layout-flow\">\n<figure class=\"wp-block-embed is-type-rich is-provider-spotify wp-block-embed-spotify wp-embed-aspect-21-9 wp-has-aspect-ratio\"><div class=\"wp-block-embed__wrapper\">\n<iframe title=\"Spotify Embed: P\u00e4\u00e4tt\u00e4j\u00e4podi jakso 3: MUTE-Pys\u00e4htyminen\" style=\"border-radius: 12px\" width=\"100%\" height=\"152\" frameborder=\"0\" allowfullscreen allow=\"autoplay; clipboard-write; encrypted-media; fullscreen; picture-in-picture\" loading=\"lazy\" src=\"https:\/\/open.spotify.com\/embed\/episode\/7cwVGc4XuttayTdaNv6WZV?si=r8BbjpqaTAmFfCvpHrL1Bg&amp;utm_source=oembed\"><\/iframe>\n<\/div><\/figure>\n<\/div>\n<\/div>\n\n\n\n<div class=\"wp-block-columns is-layout-flex wp-container-core-columns-is-layout-28f84493 wp-block-columns-is-layout-flex\">\n<div class=\"wp-block-column is-layout-flow wp-block-column-is-layout-flow\">\n<p class=\"has-small-font-size\">P\u00e4\u00e4tt\u00e4j\u00e4podi, Jakso 1 <\/p>\n<\/div>\n\n\n\n<div class=\"wp-block-column is-layout-flow wp-block-column-is-layout-flow\">\n<p class=\"has-small-font-size\">P\u00e4\u00e4tt\u00e4j\u00e4podi, Jakso 2<\/p>\n<\/div>\n\n\n\n<div class=\"wp-block-column is-layout-flow wp-block-column-is-layout-flow\">\n<p class=\"has-small-font-size\">P\u00e4\u00e4tt\u00e4j\u00e4podi, Jakso 3<\/p>\n<\/div>\n<\/div>\n\n\n\n<div class=\"wp-block-columns is-layout-flex wp-container-core-columns-is-layout-28f84493 wp-block-columns-is-layout-flex\">\n<div class=\"wp-block-column is-layout-flow wp-block-column-is-layout-flow\">\n<figure class=\"wp-block-embed is-type-rich is-provider-spotify wp-block-embed-spotify wp-embed-aspect-21-9 wp-has-aspect-ratio\"><div class=\"wp-block-embed__wrapper\">\n<iframe title=\"Spotify Embed: P\u00e4\u00e4tt\u00e4j\u00e4podi jakso 4 Organisoi\" style=\"border-radius: 12px\" width=\"100%\" height=\"152\" frameborder=\"0\" allowfullscreen allow=\"autoplay; clipboard-write; encrypted-media; fullscreen; picture-in-picture\" loading=\"lazy\" src=\"https:\/\/open.spotify.com\/embed\/episode\/0G9UVVqyrI8eds3eSIqg5B?si=af6a94fc7684459a&amp;utm_source=oembed\"><\/iframe>\n<\/div><\/figure>\n<\/div>\n\n\n\n<div class=\"wp-block-column is-layout-flow wp-block-column-is-layout-flow\">\n<figure class=\"wp-block-embed is-type-rich is-provider-spotify wp-block-embed-spotify wp-embed-aspect-21-9 wp-has-aspect-ratio\"><div class=\"wp-block-embed__wrapper\">\n<iframe title=\"Spotify Embed: P\u00e4\u00e4tt\u00e4j\u00e4podi Jakso 5: Validointi\" style=\"border-radius: 12px\" width=\"100%\" height=\"152\" frameborder=\"0\" allowfullscreen allow=\"autoplay; clipboard-write; encrypted-media; fullscreen; picture-in-picture\" loading=\"lazy\" src=\"https:\/\/open.spotify.com\/embed\/episode\/70zRV4eoGtVgPFK1LbvmMk?si=55e848acd1154b46&amp;utm_source=oembed\"><\/iframe>\n<\/div><\/figure>\n<\/div>\n\n\n\n<div class=\"wp-block-column is-layout-flow wp-block-column-is-layout-flow\">\n<figure class=\"wp-block-embed is-type-rich is-provider-spotify wp-block-embed-spotify wp-embed-aspect-21-9 wp-has-aspect-ratio\"><div class=\"wp-block-embed__wrapper\">\n<iframe title=\"Spotify Embed: P\u00e4\u00e4tt\u00e4j\u00e4podi Jakso 6: Execute - Toimeenpano\" style=\"border-radius: 12px\" width=\"100%\" height=\"152\" frameborder=\"0\" allowfullscreen allow=\"autoplay; clipboard-write; encrypted-media; fullscreen; picture-in-picture\" loading=\"lazy\" src=\"https:\/\/open.spotify.com\/embed\/episode\/1ghdrXES2R0BGa1ZahG8ku?si=7859bcbcc8824af4&amp;utm_source=oembed\"><\/iframe>\n<\/div><\/figure>\n<\/div>\n<\/div>\n\n\n\n<div class=\"wp-block-columns is-layout-flex wp-container-core-columns-is-layout-28f84493 wp-block-columns-is-layout-flex\">\n<div class=\"wp-block-column is-layout-flow wp-block-column-is-layout-flow\">\n<p class=\"has-small-font-size\">P\u00e4\u00e4tt\u00e4j\u00e4podi, Jakso 4<\/p>\n<\/div>\n\n\n\n<div class=\"wp-block-column is-layout-flow wp-block-column-is-layout-flow\">\n<p class=\"has-small-font-size\">P\u00e4\u00e4tt\u00e4j\u00e4podi, Jakso 5<\/p>\n<\/div>\n\n\n\n<div class=\"wp-block-column is-layout-flow wp-block-column-is-layout-flow\">\n<p class=\"has-small-font-size\">P\u00e4\u00e4tt\u00e4j\u00e4podi, Jakso 6<\/p>\n<\/div>\n<\/div>\n\n\n\n<div class=\"wp-block-columns is-layout-flex wp-container-core-columns-is-layout-28f84493 wp-block-columns-is-layout-flex\">\n<div class=\"wp-block-column is-layout-flow wp-block-column-is-layout-flow\">\n<figure class=\"wp-block-embed is-type-rich is-provider-spotify wp-block-embed-spotify wp-embed-aspect-21-9 wp-has-aspect-ratio\"><div class=\"wp-block-embed__wrapper\">\n<iframe title=\"Spotify Embed: P\u00e4\u00e4tt\u00e4j\u00e4podi Bonusjakso 7: Oman p\u00e4\u00e4t\u00f6stavan arviointi\" style=\"border-radius: 12px\" width=\"100%\" height=\"152\" frameborder=\"0\" allowfullscreen allow=\"autoplay; clipboard-write; encrypted-media; fullscreen; picture-in-picture\" loading=\"lazy\" src=\"https:\/\/open.spotify.com\/embed\/episode\/5rhxXvoNrM3ultjl8qwZDF?utm_source=oembed\"><\/iframe>\n<\/div><\/figure>\n<\/div>\n\n\n\n<div class=\"wp-block-column is-layout-flow wp-block-column-is-layout-flow\">\n<figure class=\"wp-block-embed is-type-rich is-provider-spotify wp-block-embed-spotify wp-embed-aspect-21-9 wp-has-aspect-ratio\"><div class=\"wp-block-embed__wrapper\">\n<iframe title=\"Spotify Embed: P\u00e4\u00e4tt\u00e4j\u00e4podi: Luottamus on n\u00e4kym\u00e4t\u00f6n voima jakso 1\" style=\"border-radius: 12px\" width=\"100%\" height=\"152\" frameborder=\"0\" allowfullscreen allow=\"autoplay; clipboard-write; encrypted-media; fullscreen; picture-in-picture\" loading=\"lazy\" src=\"https:\/\/open.spotify.com\/embed\/episode\/5pu9GND7ZQ6zQUz5byroT0?utm_source=oembed\"><\/iframe>\n<\/div><\/figure>\n<\/div>\n\n\n\n<div class=\"wp-block-column is-layout-flow wp-block-column-is-layout-flow\">\n<figure class=\"wp-block-embed is-type-rich is-provider-spotify wp-block-embed-spotify wp-embed-aspect-21-9 wp-has-aspect-ratio\"><div class=\"wp-block-embed__wrapper\">\n<iframe title=\"Spotify Embed: Luottamuspodi: Luottamuksen 15 ulottuvuutta, osa 1\" style=\"border-radius: 12px\" width=\"100%\" height=\"152\" frameborder=\"0\" allowfullscreen allow=\"autoplay; clipboard-write; encrypted-media; fullscreen; picture-in-picture\" loading=\"lazy\" src=\"https:\/\/open.spotify.com\/embed\/show\/4IwvdGkUnEBCmBaIct0iQK?utm_source=oembed\"><\/iframe>\n<\/div><\/figure>\n<\/div>\n<\/div>\n\n\n\n<div class=\"wp-block-columns is-layout-flex wp-container-core-columns-is-layout-28f84493 wp-block-columns-is-layout-flex\">\n<div class=\"wp-block-column is-layout-flow wp-block-column-is-layout-flow\">\n<p class=\"has-small-font-size\">P\u00e4\u00e4tt\u00e4j\u00e4podi, Bonusjakso<\/p>\n<\/div>\n\n\n\n<div class=\"wp-block-column is-layout-flow wp-block-column-is-layout-flow\">\n<p class=\"has-small-font-size\">P\u00e4\u00e4tt\u00e4j\u00e4podi, Luottamus, jakso 1 <\/p>\n<\/div>\n\n\n\n<div class=\"wp-block-column is-layout-flow wp-block-column-is-layout-flow\">\n<p class=\"has-small-font-size\">P\u00e4\u00e4tt\u00e4j\u00e4podi, Luottamus, jakso 2<\/p>\n<\/div>\n<\/div>\n\n\n\n<div class=\"wp-block-columns is-layout-flex wp-container-core-columns-is-layout-28f84493 wp-block-columns-is-layout-flex\">\n<div class=\"wp-block-column is-layout-flow wp-block-column-is-layout-flow\">\n<figure class=\"wp-block-embed is-type-rich is-provider-spotify wp-block-embed-spotify wp-embed-aspect-21-9 wp-has-aspect-ratio\"><div class=\"wp-block-embed__wrapper\">\n<iframe title=\"Spotify Embed: P\u00e4\u00e4tt\u00e4j\u00e4podi, Luottamus, jakso 3\" style=\"border-radius: 12px\" width=\"100%\" height=\"152\" frameborder=\"0\" allowfullscreen allow=\"autoplay; clipboard-write; encrypted-media; fullscreen; picture-in-picture\" loading=\"lazy\" src=\"https:\/\/open.spotify.com\/embed\/episode\/7hoDzXkGKG1H6sEHZViJSm?utm_source=oembed\"><\/iframe>\n<\/div><\/figure>\n<\/div>\n\n\n\n<div class=\"wp-block-column is-layout-flow wp-block-column-is-layout-flow\">\n<figure class=\"wp-block-embed is-type-rich is-provider-spotify wp-block-embed-spotify wp-embed-aspect-21-9 wp-has-aspect-ratio\"><div class=\"wp-block-embed__wrapper\">\n<iframe title=\"Spotify Embed: P\u00e4\u00e4tt\u00e4j\u00e4podi, Luottamus, Jakso 4\" style=\"border-radius: 12px\" width=\"100%\" height=\"152\" frameborder=\"0\" allowfullscreen allow=\"autoplay; clipboard-write; encrypted-media; fullscreen; picture-in-picture\" loading=\"lazy\" src=\"https:\/\/open.spotify.com\/embed\/episode\/1LrLY3PNWuduFRAV64OOnu?utm_source=oembed\"><\/iframe>\n<\/div><\/figure>\n<\/div>\n\n\n\n<div class=\"wp-block-column is-layout-flow wp-block-column-is-layout-flow\">\n<p>Ilmestyy 31.3.<\/p>\n<\/div>\n<\/div>\n\n\n\n<div class=\"wp-block-columns is-layout-flex wp-container-core-columns-is-layout-28f84493 wp-block-columns-is-layout-flex\">\n<div class=\"wp-block-column is-layout-flow wp-block-column-is-layout-flow\">\n<p class=\"has-small-font-size\">P\u00e4\u00e4tt\u00e4j\u00e4podi, Luottamus, jakso 3<\/p>\n<\/div>\n\n\n\n<div class=\"wp-block-column is-layout-flow wp-block-column-is-layout-flow\">\n<p class=\"has-small-font-size\">P\u00e4\u00e4tt\u00e4j\u00e4podi, Luottamus, jakso 4<\/p>\n<\/div>\n\n\n\n<div class=\"wp-block-column is-layout-flow wp-block-column-is-layout-flow\">\n<p class=\"has-small-font-size\">P\u00e4\u00e4tt\u00e4j\u00e4podi, Luottamus, jakso 5<\/p>\n<\/div>\n<\/div>\n\n\n\n<div class=\"wp-block-columns is-layout-flex wp-container-core-columns-is-layout-28f84493 wp-block-columns-is-layout-flex\">\n<div class=\"wp-block-column is-layout-flow wp-block-column-is-layout-flow\">\n<p>Ilmestyy 2.4.<\/p>\n<\/div>\n\n\n\n<div class=\"wp-block-column is-layout-flow wp-block-column-is-layout-flow\">\n<p>Ilmestyy 7.4.<\/p>\n<\/div>\n\n\n\n<div class=\"wp-block-column is-layout-flow wp-block-column-is-layout-flow\">\n<p>Ilmestyy 9.4.<\/p>\n<\/div>\n<\/div>\n\n\n\n<div class=\"wp-block-columns is-layout-flex wp-container-core-columns-is-layout-28f84493 wp-block-columns-is-layout-flex\">\n<div class=\"wp-block-column is-layout-flow wp-block-column-is-layout-flow\">\n<p class=\"has-small-font-size\">P\u00e4\u00e4tt\u00e4j\u00e4podi, Luottamus, jakso 6<\/p>\n<\/div>\n\n\n\n<div class=\"wp-block-column is-layout-flow wp-block-column-is-layout-flow\">\n<p class=\"has-small-font-size\">P\u00e4\u00e4tt\u00e4j\u00e4podi, Luottamus, jakso 7<\/p>\n<\/div>\n\n\n\n<div class=\"wp-block-column is-layout-flow wp-block-column-is-layout-flow\">\n<p class=\"has-small-font-size\">P\u00e4\u00e4tt\u00e4j\u00e4podi, Luottamus, jakso 8<\/p>\n<\/div>\n<\/div>\n\n\n\n<hr class=\"wp-block-separator has-alpha-channel-opacity\"\/>\n\n\n\n<p class=\"is-style-text-subtitle has-large-font-size is-style-text-subtitle--2\" style=\"font-style:normal;font-weight:600\">Read our LinkedIn posts @SKILLhill <\/p>\n\n\n\n<div class=\"wp-block-columns is-layout-flex wp-container-core-columns-is-layout-28f84493 wp-block-columns-is-layout-flex\">\n<div class=\"wp-block-column is-layout-flow wp-block-column-is-layout-flow\"><ul style=\"border-top-left-radius:0px;border-top-right-radius:0px;border-bottom-left-radius:0px;border-bottom-right-radius:0px;border-style:none;border-width:0px; padding-top:0;padding-bottom:0;padding-left:0;padding-right:0;margin-top:0;margin-bottom:0;margin-left:0;margin-right:0;\" class=\"wp-block-latest-posts__list has-link-color wp-elements-61cef4ae4f975f22a54b7dd987acd460 wp-block-latest-posts has-text-color has-contrast-color has-background has-accent-5-background-color has-medium-font-size\"><li><div class=\"wp-block-latest-posts__featured-image alignleft\"><a href=\"https:\/\/www.tapiokyllonen.fi\/index.php\/2026\/03\/07\/leadership-coaching-isnt-support-its-risk-management\/\" aria-label=\"Leadership coaching isn\u2019t support. It\u2019s risk management.\"><img loading=\"lazy\" decoding=\"async\" width=\"150\" height=\"150\" src=\"https:\/\/www.tapiokyllonen.fi\/wp-content\/uploads\/2026\/02\/Coach-6-6-150x150.jpeg\" class=\"attachment-thumbnail size-thumbnail wp-post-image\" alt=\"\" style=\"\" \/><\/a><\/div><a class=\"wp-block-latest-posts__post-title\" href=\"https:\/\/www.tapiokyllonen.fi\/index.php\/2026\/03\/07\/leadership-coaching-isnt-support-its-risk-management\/\">Leadership coaching isn\u2019t support. It\u2019s risk management.<\/a><div class=\"wp-block-latest-posts__post-excerpt\">Coaching is often misunderstood. It\u2019s not: At its best, it\u2019s about: Elite athletes know this instinctively. The real question is no longer:Why do athletes have coaches? It\u2019s:Why would any serious\u2026 <a class=\"wp-block-latest-posts__read-more\" href=\"https:\/\/www.tapiokyllonen.fi\/index.php\/2026\/03\/07\/leadership-coaching-isnt-support-its-risk-management\/\" rel=\"noopener noreferrer\">Read more<span class=\"screen-reader-text\">: Leadership coaching isn\u2019t support. It\u2019s risk management.<\/span><\/a><\/div><\/li>\n<li><div class=\"wp-block-latest-posts__featured-image alignleft\"><a href=\"https:\/\/www.tapiokyllonen.fi\/index.php\/2026\/03\/07\/boards-obsess-over-numbers-few-ask-how-decisions-are-made\/\" aria-label=\"Boards obsess over numbers. Few ask how decisions are made.\"><img loading=\"lazy\" decoding=\"async\" width=\"150\" height=\"150\" src=\"https:\/\/www.tapiokyllonen.fi\/wp-content\/uploads\/2026\/02\/Coach-5-6-150x150.png\" class=\"attachment-thumbnail size-thumbnail wp-post-image\" alt=\"\" style=\"\" \/><\/a><\/div><a class=\"wp-block-latest-posts__post-title\" href=\"https:\/\/www.tapiokyllonen.fi\/index.php\/2026\/03\/07\/boards-obsess-over-numbers-few-ask-how-decisions-are-made\/\">Boards obsess over numbers. Few ask how decisions are made.<\/a><div class=\"wp-block-latest-posts__post-excerpt\">Quarterly results are measured obsessively. But rarely do we ask: Decision quality is treated as intuition \u2014not as a capability. In elite sports, performance processes are trained relentlessly.In leadership, they\u2019re\u2026 <a class=\"wp-block-latest-posts__read-more\" href=\"https:\/\/www.tapiokyllonen.fi\/index.php\/2026\/03\/07\/boards-obsess-over-numbers-few-ask-how-decisions-are-made\/\" rel=\"noopener noreferrer\">Read more<span class=\"screen-reader-text\">: Boards obsess over numbers. Few ask how decisions are made.<\/span><\/a><\/div><\/li>\n<li><div class=\"wp-block-latest-posts__featured-image alignleft\"><a href=\"https:\/\/www.tapiokyllonen.fi\/index.php\/2026\/03\/07\/experience-is-not-the-same-as-perspective\/\" aria-label=\"Experience is not the same as perspective.\"><img loading=\"lazy\" decoding=\"async\" width=\"150\" height=\"150\" src=\"https:\/\/www.tapiokyllonen.fi\/wp-content\/uploads\/2026\/02\/Coach-4-6-1-150x150.jpeg\" class=\"attachment-thumbnail size-thumbnail wp-post-image\" alt=\"\" style=\"\" srcset=\"https:\/\/www.tapiokyllonen.fi\/wp-content\/uploads\/2026\/02\/Coach-4-6-1-150x150.jpeg 150w, https:\/\/www.tapiokyllonen.fi\/wp-content\/uploads\/2026\/02\/Coach-4-6-1-300x300.jpeg 300w, https:\/\/www.tapiokyllonen.fi\/wp-content\/uploads\/2026\/02\/Coach-4-6-1-768x768.jpeg 768w, https:\/\/www.tapiokyllonen.fi\/wp-content\/uploads\/2026\/02\/Coach-4-6-1.jpeg 1024w\" sizes=\"auto, (max-width: 150px) 100vw, 150px\" \/><\/a><\/div><a class=\"wp-block-latest-posts__post-title\" href=\"https:\/\/www.tapiokyllonen.fi\/index.php\/2026\/03\/07\/experience-is-not-the-same-as-perspective\/\">Experience is not the same as perspective.<\/a><div class=\"wp-block-latest-posts__post-excerpt\">Many leaders rely on experience to guide decisions. That\u2019s understandable.But experience has a flaw: it\u2019s always personal. You can be experienced and still: Athletes know this well.That\u2019s why even champions\u2026 <a class=\"wp-block-latest-posts__read-more\" href=\"https:\/\/www.tapiokyllonen.fi\/index.php\/2026\/03\/07\/experience-is-not-the-same-as-perspective\/\" rel=\"noopener noreferrer\">Read more<span class=\"screen-reader-text\">: Experience is not the same as perspective.<\/span><\/a><\/div><\/li>\n<li><div class=\"wp-block-latest-posts__featured-image alignleft\"><a href=\"https:\/\/www.tapiokyllonen.fi\/index.php\/2026\/03\/07\/power-doesnt-just-give-authority-it-removes-honest-feedback\/\" aria-label=\"Power doesn\u2019t just give authority. It removes honest feedback.\"><img loading=\"lazy\" decoding=\"async\" width=\"150\" height=\"150\" src=\"https:\/\/www.tapiokyllonen.fi\/wp-content\/uploads\/2026\/03\/Coach-3-6-150x150.jpeg\" class=\"attachment-thumbnail size-thumbnail wp-post-image\" alt=\"\" style=\"\" \/><\/a><\/div><a class=\"wp-block-latest-posts__post-title\" href=\"https:\/\/www.tapiokyllonen.fi\/index.php\/2026\/03\/07\/power-doesnt-just-give-authority-it-removes-honest-feedback\/\">Power doesn\u2019t just give authority. It removes honest feedback.<\/a><div class=\"wp-block-latest-posts__post-excerpt\">One of leadership\u2019s biggest hidden risks is silence. Not because people have nothing to say \u2014but because they choose not to say it. As responsibility grows: Most leaders don\u2019t lack\u2026 <a class=\"wp-block-latest-posts__read-more\" href=\"https:\/\/www.tapiokyllonen.fi\/index.php\/2026\/03\/07\/power-doesnt-just-give-authority-it-removes-honest-feedback\/\" rel=\"noopener noreferrer\">Read more<span class=\"screen-reader-text\">: Power doesn\u2019t just give authority. It removes honest feedback.<\/span><\/a><\/div><\/li>\n<li><div class=\"wp-block-latest-posts__featured-image alignleft\"><a href=\"https:\/\/www.tapiokyllonen.fi\/index.php\/2026\/03\/07\/an-athlete-risks-personal-failure-a-leader-risks-others\/\" aria-label=\"An athlete risks personal failure. A leader risks others.\"><img loading=\"lazy\" decoding=\"async\" width=\"150\" height=\"150\" src=\"https:\/\/www.tapiokyllonen.fi\/wp-content\/uploads\/2026\/02\/Coach-2-6-1-150x150.png\" class=\"attachment-thumbnail size-thumbnail wp-post-image\" alt=\"\" style=\"\" \/><\/a><\/div><a class=\"wp-block-latest-posts__post-title\" href=\"https:\/\/www.tapiokyllonen.fi\/index.php\/2026\/03\/07\/an-athlete-risks-personal-failure-a-leader-risks-others\/\">An athlete risks personal failure. A leader risks others.<\/a><div class=\"wp-block-latest-posts__post-excerpt\">Let\u2019s talk about risk. An athlete mainly risks: A leader risks: Yet athletes are surrounded by coaches \u2014and leaders are expected to \u201chandle it\u201d. The irony?The higher you go, the\u2026 <a class=\"wp-block-latest-posts__read-more\" href=\"https:\/\/www.tapiokyllonen.fi\/index.php\/2026\/03\/07\/an-athlete-risks-personal-failure-a-leader-risks-others\/\" rel=\"noopener noreferrer\">Read more<span class=\"screen-reader-text\">: An athlete risks personal failure. A leader risks others.<\/span><\/a><\/div><\/li>\n<li><div class=\"wp-block-latest-posts__featured-image alignleft\"><a href=\"https:\/\/www.tapiokyllonen.fi\/index.php\/2026\/03\/07\/all-serious-athletes-have-coaches-why-dont-most-leaders\/\" aria-label=\"All serious athletes have coaches. Why don\u2019t most leaders?\"><img loading=\"lazy\" decoding=\"async\" width=\"150\" height=\"150\" src=\"https:\/\/www.tapiokyllonen.fi\/wp-content\/uploads\/2026\/03\/Coach-1-6-150x150.png\" class=\"attachment-thumbnail size-thumbnail wp-post-image\" alt=\"\" style=\"\" \/><\/a><\/div><a class=\"wp-block-latest-posts__post-title\" href=\"https:\/\/www.tapiokyllonen.fi\/index.php\/2026\/03\/07\/all-serious-athletes-have-coaches-why-dont-most-leaders\/\">All serious athletes have coaches. Why don\u2019t most leaders?<\/a><div class=\"wp-block-latest-posts__post-excerpt\">Every elite athlete has a coach.Not because they\u2019re weak \u2014 but because performance demands it. Athletes want to: So they surround themselves with people who challenge them. Now look at\u2026 <a class=\"wp-block-latest-posts__read-more\" href=\"https:\/\/www.tapiokyllonen.fi\/index.php\/2026\/03\/07\/all-serious-athletes-have-coaches-why-dont-most-leaders\/\" rel=\"noopener noreferrer\">Read more<span class=\"screen-reader-text\">: All serious athletes have coaches. Why don\u2019t most leaders?<\/span><\/a><\/div><\/li>\n<\/ul><\/div>\n<\/div>\n","protected":false},"excerpt":{"rendered":"<p>Thinking in Action Practical reflections on leadership, execution, culture, AI readiness, and commercial governance. Listen us in Spotify &#8220;P\u00e4\u00e4tt\u00e4j\u00e4podi&#8221; P\u00e4\u00e4tt\u00e4j\u00e4podi, Jakso 1 P\u00e4\u00e4tt\u00e4j\u00e4podi, Jakso 2 P\u00e4\u00e4tt\u00e4j\u00e4podi, Jakso 3 P\u00e4\u00e4tt\u00e4j\u00e4podi, Jakso 4 P\u00e4\u00e4tt\u00e4j\u00e4podi, Jakso 5 P\u00e4\u00e4tt\u00e4j\u00e4podi, Jakso 6 P\u00e4\u00e4tt\u00e4j\u00e4podi, Bonusjakso P\u00e4\u00e4tt\u00e4j\u00e4podi, Luottamus, jakso 1 P\u00e4\u00e4tt\u00e4j\u00e4podi, Luottamus, jakso 2 Ilmestyy 31.3. P\u00e4\u00e4tt\u00e4j\u00e4podi, Luottamus, jakso 3 P\u00e4\u00e4tt\u00e4j\u00e4podi, Luottamus, [&hellip;]<\/p>\n","protected":false},"author":1,"featured_media":0,"parent":434,"menu_order":0,"comment_status":"closed","ping_status":"closed","template":"","meta":{"footnotes":""},"class_list":["post-863","page","type-page","status-publish","hentry"],"_links":{"self":[{"href":"https:\/\/www.tapiokyllonen.fi\/index.php\/wp-json\/wp\/v2\/pages\/863","targetHints":{"allow":["GET"]}}],"collection":[{"href":"https:\/\/www.tapiokyllonen.fi\/index.php\/wp-json\/wp\/v2\/pages"}],"about":[{"href":"https:\/\/www.tapiokyllonen.fi\/index.php\/wp-json\/wp\/v2\/types\/page"}],"author":[{"embeddable":true,"href":"https:\/\/www.tapiokyllonen.fi\/index.php\/wp-json\/wp\/v2\/users\/1"}],"replies":[{"embeddable":true,"href":"https:\/\/www.tapiokyllonen.fi\/index.php\/wp-json\/wp\/v2\/comments?post=863"}],"version-history":[{"count":15,"href":"https:\/\/www.tapiokyllonen.fi\/index.php\/wp-json\/wp\/v2\/pages\/863\/revisions"}],"predecessor-version":[{"id":1449,"href":"https:\/\/www.tapiokyllonen.fi\/index.php\/wp-json\/wp\/v2\/pages\/863\/revisions\/1449"}],"up":[{"embeddable":true,"href":"https:\/\/www.tapiokyllonen.fi\/index.php\/wp-json\/wp\/v2\/pages\/434"}],"wp:attachment":[{"href":"https:\/\/www.tapiokyllonen.fi\/index.php\/wp-json\/wp\/v2\/media?parent=863"}],"curies":[{"name":"wp","href":"https:\/\/api.w.org\/{rel}","templated":true}]}}