{"id":745,"date":"2026-02-28T10:06:40","date_gmt":"2026-02-28T10:06:40","guid":{"rendered":"https:\/\/www.tapiokyllonen.fi\/?page_id=745"},"modified":"2026-02-28T13:21:28","modified_gmt":"2026-02-28T13:21:28","slug":"esmierkkeja-reiteista","status":"publish","type":"page","link":"https:\/\/www.tapiokyllonen.fi\/index.php\/tapio-kyllonen-pa-svenska\/jag-och-hojen-samt-motorcykelresor\/esmierkkeja-reiteista\/","title":{"rendered":"N\u00e5gra f\u00f6rslag p\u00e5 rutter"},"content":{"rendered":"\n<figure class=\"wp-block-image size-large\"><img loading=\"lazy\" decoding=\"async\" width=\"1024\" height=\"717\" src=\"https:\/\/www.tapiokyllonen.fi\/wp-content\/uploads\/2026\/02\/Viikonloppu-Virossa-1024x717.jpg\" alt=\"\" class=\"wp-image-746\" srcset=\"https:\/\/www.tapiokyllonen.fi\/wp-content\/uploads\/2026\/02\/Viikonloppu-Virossa-1024x717.jpg 1024w, https:\/\/www.tapiokyllonen.fi\/wp-content\/uploads\/2026\/02\/Viikonloppu-Virossa-300x210.jpg 300w, https:\/\/www.tapiokyllonen.fi\/wp-content\/uploads\/2026\/02\/Viikonloppu-Virossa-768x538.jpg 768w, https:\/\/www.tapiokyllonen.fi\/wp-content\/uploads\/2026\/02\/Viikonloppu-Virossa.jpg 1079w\" sizes=\"auto, (max-width: 1024px) 100vw, 1024px\" \/><figcaption class=\"wp-element-caption\">L\u00e5nghelg i Estland<\/figcaption><\/figure>\n\n\n\n<figure class=\"wp-block-image size-large\"><img loading=\"lazy\" decoding=\"async\" width=\"1024\" height=\"807\" src=\"https:\/\/www.tapiokyllonen.fi\/wp-content\/uploads\/2026\/02\/Alpit-suosikki-1024x807.jpg\" alt=\"\" class=\"wp-image-747\" srcset=\"https:\/\/www.tapiokyllonen.fi\/wp-content\/uploads\/2026\/02\/Alpit-suosikki-1024x807.jpg 1024w, https:\/\/www.tapiokyllonen.fi\/wp-content\/uploads\/2026\/02\/Alpit-suosikki-300x236.jpg 300w, https:\/\/www.tapiokyllonen.fi\/wp-content\/uploads\/2026\/02\/Alpit-suosikki-768x605.jpg 768w, https:\/\/www.tapiokyllonen.fi\/wp-content\/uploads\/2026\/02\/Alpit-suosikki.jpg 1071w\" sizes=\"auto, (max-width: 1024px) 100vw, 1024px\" \/><figcaption class=\"wp-element-caption\">Min favorit Alperna<\/figcaption><\/figure>\n\n\n\n<figure class=\"wp-block-image size-large\"><img loading=\"lazy\" decoding=\"async\" width=\"1024\" height=\"807\" src=\"https:\/\/www.tapiokyllonen.fi\/wp-content\/uploads\/2026\/02\/Mopo-Fugeen-1024x807.jpg\" alt=\"\" class=\"wp-image-748\" srcset=\"https:\/\/www.tapiokyllonen.fi\/wp-content\/uploads\/2026\/02\/Mopo-Fugeen-1024x807.jpg 1024w, https:\/\/www.tapiokyllonen.fi\/wp-content\/uploads\/2026\/02\/Mopo-Fugeen-300x236.jpg 300w, https:\/\/www.tapiokyllonen.fi\/wp-content\/uploads\/2026\/02\/Mopo-Fugeen-768x605.jpg 768w, https:\/\/www.tapiokyllonen.fi\/wp-content\/uploads\/2026\/02\/Mopo-Fugeen.jpg 1071w\" sizes=\"auto, (max-width: 1024px) 100vw, 1024px\" \/><figcaption class=\"wp-element-caption\">Ta din hoj till Fuengirola och h\u00e4mta den n\u00e4r det blir v\u00e5r igen!<\/figcaption><\/figure>\n\n\n\n<figure class=\"wp-block-image size-large\"><img loading=\"lazy\" decoding=\"async\" width=\"1024\" height=\"777\" src=\"https:\/\/www.tapiokyllonen.fi\/wp-content\/uploads\/2026\/02\/Espanjan-vuoria-1024x777.jpg\" alt=\"\" class=\"wp-image-749\" srcset=\"https:\/\/www.tapiokyllonen.fi\/wp-content\/uploads\/2026\/02\/Espanjan-vuoria-1024x777.jpg 1024w, https:\/\/www.tapiokyllonen.fi\/wp-content\/uploads\/2026\/02\/Espanjan-vuoria-300x228.jpg 300w, https:\/\/www.tapiokyllonen.fi\/wp-content\/uploads\/2026\/02\/Espanjan-vuoria-768x583.jpg 768w, https:\/\/www.tapiokyllonen.fi\/wp-content\/uploads\/2026\/02\/Espanjan-vuoria.jpg 1071w\" sizes=\"auto, (max-width: 1024px) 100vw, 1024px\" \/><figcaption class=\"wp-element-caption\">Syd-Spanska bergen<\/figcaption><\/figure>\n\n\n\n<figure class=\"wp-block-image size-large\"><img loading=\"lazy\" decoding=\"async\" width=\"1024\" height=\"829\" src=\"https:\/\/www.tapiokyllonen.fi\/wp-content\/uploads\/2026\/02\/Karpaatit-1024x829.jpg\" alt=\"\" class=\"wp-image-750\" srcset=\"https:\/\/www.tapiokyllonen.fi\/wp-content\/uploads\/2026\/02\/Karpaatit-1024x829.jpg 1024w, https:\/\/www.tapiokyllonen.fi\/wp-content\/uploads\/2026\/02\/Karpaatit-300x243.jpg 300w, https:\/\/www.tapiokyllonen.fi\/wp-content\/uploads\/2026\/02\/Karpaatit-768x622.jpg 768w, https:\/\/www.tapiokyllonen.fi\/wp-content\/uploads\/2026\/02\/Karpaatit.jpg 1047w\" sizes=\"auto, (max-width: 1024px) 100vw, 1024px\" \/><figcaption class=\"wp-element-caption\">En dag i Karpaterna<\/figcaption><\/figure>\n\n\n\n<figure class=\"wp-block-image size-large\"><img loading=\"lazy\" decoding=\"async\" width=\"1024\" height=\"471\" src=\"https:\/\/www.tapiokyllonen.fi\/wp-content\/uploads\/2026\/02\/R66-one-day-1024x471.jpg\" alt=\"\" class=\"wp-image-751\" srcset=\"https:\/\/www.tapiokyllonen.fi\/wp-content\/uploads\/2026\/02\/R66-one-day-1024x471.jpg 1024w, https:\/\/www.tapiokyllonen.fi\/wp-content\/uploads\/2026\/02\/R66-one-day-300x138.jpg 300w, https:\/\/www.tapiokyllonen.fi\/wp-content\/uploads\/2026\/02\/R66-one-day-768x353.jpg 768w, https:\/\/www.tapiokyllonen.fi\/wp-content\/uploads\/2026\/02\/R66-one-day.jpg 1387w\" sizes=\"auto, (max-width: 1024px) 100vw, 1024px\" \/><figcaption class=\"wp-element-caption\">Route 66, dag 8: fr\u00e5n Santa Fe, NM till Gallup, NM<\/figcaption><\/figure>\n\n\n\n<figure class=\"wp-block-image size-large\"><img loading=\"lazy\" decoding=\"async\" width=\"1024\" height=\"569\" src=\"https:\/\/www.tapiokyllonen.fi\/wp-content\/uploads\/2026\/02\/Nuelansilmia-Norjassa-1024x569.jpg\" alt=\"\" class=\"wp-image-757\" srcset=\"https:\/\/www.tapiokyllonen.fi\/wp-content\/uploads\/2026\/02\/Nuelansilmia-Norjassa-1024x569.jpg 1024w, https:\/\/www.tapiokyllonen.fi\/wp-content\/uploads\/2026\/02\/Nuelansilmia-Norjassa-300x167.jpg 300w, https:\/\/www.tapiokyllonen.fi\/wp-content\/uploads\/2026\/02\/Nuelansilmia-Norjassa-768x427.jpg 768w, https:\/\/www.tapiokyllonen.fi\/wp-content\/uploads\/2026\/02\/Nuelansilmia-Norjassa.jpg 1360w\" sizes=\"auto, (max-width: 1024px) 100vw, 1024px\" \/><figcaption class=\"wp-element-caption\">Norsk n\u00e5ls\u00f6ga-rutt! T\u00e4nk p\u00e5 att Trollstigen \u00e4r v\u00e4ldigt smal, bussar och stora husbilar kommer att blockera dig rej\u00e4lt, s\u00e4rskilt under helger! Trollstigen \u00e4r lite som Grossglockner i \u00d6sterrike. Det \u00e4r all slags l\u00e5ngsam trafik. P\u00e5 Geirangersidan \u00e4r v\u00e4gen bredare, s\u00e5 det \u00e4r alltid trevligt.<\/figcaption><\/figure>\n\n\n\n<div class=\"wp-block-group has-global-padding is-layout-constrained wp-block-group-is-layout-constrained\">\n<figure class=\"wp-block-image size-large\"><img loading=\"lazy\" decoding=\"async\" width=\"1024\" height=\"576\" src=\"https:\/\/www.tapiokyllonen.fi\/wp-content\/uploads\/2026\/02\/IMG_4441-1024x576.jpeg\" alt=\"\" class=\"wp-image-762\" srcset=\"https:\/\/www.tapiokyllonen.fi\/wp-content\/uploads\/2026\/02\/IMG_4441-1024x576.jpeg 1024w, https:\/\/www.tapiokyllonen.fi\/wp-content\/uploads\/2026\/02\/IMG_4441-300x169.jpeg 300w, https:\/\/www.tapiokyllonen.fi\/wp-content\/uploads\/2026\/02\/IMG_4441-768x432.jpeg 768w, https:\/\/www.tapiokyllonen.fi\/wp-content\/uploads\/2026\/02\/IMG_4441-1536x864.jpeg 1536w, https:\/\/www.tapiokyllonen.fi\/wp-content\/uploads\/2026\/02\/IMG_4441-2048x1152.jpeg 2048w\" sizes=\"auto, (max-width: 1024px) 100vw, 1024px\" \/><\/figure>\n\n\n\n<p class=\"has-small-font-size\">Trollstigen, photo taken from the View Point<\/p>\n<\/div>\n\n\n\n<div class=\"wp-block-group has-global-padding is-layout-constrained wp-block-group-is-layout-constrained\">\n<figure class=\"wp-block-image size-large\"><img loading=\"lazy\" decoding=\"async\" width=\"1024\" height=\"576\" src=\"https:\/\/www.tapiokyllonen.fi\/wp-content\/uploads\/2026\/02\/IMG_4382-1024x576.jpeg\" alt=\"\" class=\"wp-image-759\" srcset=\"https:\/\/www.tapiokyllonen.fi\/wp-content\/uploads\/2026\/02\/IMG_4382-1024x576.jpeg 1024w, https:\/\/www.tapiokyllonen.fi\/wp-content\/uploads\/2026\/02\/IMG_4382-300x169.jpeg 300w, https:\/\/www.tapiokyllonen.fi\/wp-content\/uploads\/2026\/02\/IMG_4382-768x432.jpeg 768w, https:\/\/www.tapiokyllonen.fi\/wp-content\/uploads\/2026\/02\/IMG_4382-1536x864.jpeg 1536w, https:\/\/www.tapiokyllonen.fi\/wp-content\/uploads\/2026\/02\/IMG_4382-2048x1152.jpeg 2048w\" sizes=\"auto, (max-width: 1024px) 100vw, 1024px\" \/><\/figure>\n\n\n\n<p class=\"has-small-font-size\">Duve Gubbens Hall, Trondheimsvegen 2100, 2680 Domb\u00e5s<\/p>\n<\/div>\n\n\n\n<div class=\"wp-block-group has-global-padding is-layout-constrained wp-block-group-is-layout-constrained\">\n<figure class=\"wp-block-image size-large\"><img loading=\"lazy\" decoding=\"async\" width=\"1024\" height=\"768\" src=\"https:\/\/www.tapiokyllonen.fi\/wp-content\/uploads\/2026\/02\/IMG_7090-1024x768.jpeg\" alt=\"\" class=\"wp-image-760\" srcset=\"https:\/\/www.tapiokyllonen.fi\/wp-content\/uploads\/2026\/02\/IMG_7090-1024x768.jpeg 1024w, https:\/\/www.tapiokyllonen.fi\/wp-content\/uploads\/2026\/02\/IMG_7090-300x225.jpeg 300w, https:\/\/www.tapiokyllonen.fi\/wp-content\/uploads\/2026\/02\/IMG_7090-768x576.jpeg 768w, https:\/\/www.tapiokyllonen.fi\/wp-content\/uploads\/2026\/02\/IMG_7090-1536x1152.jpeg 1536w, https:\/\/www.tapiokyllonen.fi\/wp-content\/uploads\/2026\/02\/IMG_7090-2048x1536.jpeg 2048w\" sizes=\"auto, (max-width: 1024px) 100vw, 1024px\" \/><\/figure>\n\n\n\n<p class=\"has-small-font-size\">Polsk lyx till \u00f6verkomliga priser: Hotel Calicja, O\u015bwi\u1eb9cim, Polen. Tyskarna kallade staden f\u00f6rr i tiden f\u00f6r Auschwitz.<\/p>\n\n\n\n<p><\/p>\n<\/div>\n","protected":false},"excerpt":{"rendered":"<p>Trollstigen, photo taken from the View Point Duve Gubbens Hall, Trondheimsvegen 2100, 2680 Domb\u00e5s Polsk lyx till \u00f6verkomliga priser: Hotel Calicja, O\u015bwi\u1eb9cim, Polen. Tyskarna kallade staden f\u00f6rr i tiden f\u00f6r Auschwitz.<\/p>\n","protected":false},"author":1,"featured_media":0,"parent":385,"menu_order":231,"comment_status":"closed","ping_status":"closed","template":"","meta":{"footnotes":""},"class_list":["post-745","page","type-page","status-publish","hentry"],"_links":{"self":[{"href":"https:\/\/www.tapiokyllonen.fi\/index.php\/wp-json\/wp\/v2\/pages\/745","targetHints":{"allow":["GET"]}}],"collection":[{"href":"https:\/\/www.tapiokyllonen.fi\/index.php\/wp-json\/wp\/v2\/pages"}],"about":[{"href":"https:\/\/www.tapiokyllonen.fi\/index.php\/wp-json\/wp\/v2\/types\/page"}],"author":[{"embeddable":true,"href":"https:\/\/www.tapiokyllonen.fi\/index.php\/wp-json\/wp\/v2\/users\/1"}],"replies":[{"embeddable":true,"href":"https:\/\/www.tapiokyllonen.fi\/index.php\/wp-json\/wp\/v2\/comments?post=745"}],"version-history":[{"count":9,"href":"https:\/\/www.tapiokyllonen.fi\/index.php\/wp-json\/wp\/v2\/pages\/745\/revisions"}],"predecessor-version":[{"id":778,"href":"https:\/\/www.tapiokyllonen.fi\/index.php\/wp-json\/wp\/v2\/pages\/745\/revisions\/778"}],"up":[{"embeddable":true,"href":"https:\/\/www.tapiokyllonen.fi\/index.php\/wp-json\/wp\/v2\/pages\/385"}],"wp:attachment":[{"href":"https:\/\/www.tapiokyllonen.fi\/index.php\/wp-json\/wp\/v2\/media?parent=745"}],"curies":[{"name":"wp","href":"https:\/\/api.w.org\/{rel}","templated":true}]}}