{"id":1128,"date":"2026-03-12T11:19:04","date_gmt":"2026-03-12T09:19:04","guid":{"rendered":"https:\/\/www.tapiokyllonen.fi\/?page_id=1128"},"modified":"2026-03-25T08:40:08","modified_gmt":"2026-03-25T06:40:08","slug":"tapio-kyllonen","status":"publish","type":"page","link":"https:\/\/www.tapiokyllonen.fi\/","title":{"rendered":"Tapio Kyll\u00f6nen"},"content":{"rendered":"\n<div class=\"wp-block-group has-border-color has-accent-5-border-color has-accent-5-background-color has-background has-global-padding is-layout-constrained wp-block-group-is-layout-constrained\" style=\"border-width:18px;box-shadow:var(--wp--preset--shadow--deep)\">\n<p class=\"has-x-large-font-size\" style=\"font-style:normal;font-weight:500\">Luottamusta, rakennetta ja suuntaa \u2013 my\u00f6s paineen keskell\u00e4<\/p>\n\n\n\n<p class=\"has-x-large-font-size\">Yksi el\u00e4m\u00e4. Useita rooleja. Sama perusta.<\/p>\n<\/div>\n\n\n\n<figure class=\"wp-block-image aligncenter size-full is-resized\"><img loading=\"lazy\" decoding=\"async\" width=\"434\" height=\"640\" src=\"https:\/\/www.tapiokyllonen.fi\/wp-content\/uploads\/2026\/03\/Tapsa-avoin.png\" alt=\"\" class=\"wp-image-1139\" style=\"box-shadow:var(--wp--preset--shadow--deep);width:576px;height:auto\" srcset=\"https:\/\/www.tapiokyllonen.fi\/wp-content\/uploads\/2026\/03\/Tapsa-avoin.png 434w, https:\/\/www.tapiokyllonen.fi\/wp-content\/uploads\/2026\/03\/Tapsa-avoin-203x300.png 203w\" sizes=\"auto, (max-width: 434px) 100vw, 434px\" \/><\/figure>\n\n\n\n<div class=\"wp-block-group has-border-color has-accent-5-border-color has-accent-5-background-color has-background has-global-padding is-layout-constrained wp-block-group-is-layout-constrained\" style=\"border-width:12px;box-shadow:var(--wp--preset--shadow--deep)\">\n<p class=\"has-medium-font-size\">Olen puoliso, is\u00e4, isois\u00e4, yritt\u00e4j\u00e4, moottoripy\u00f6r\u00e4ilij\u00e4 ja vapaaehtoinen parisuhdety\u00f6ss\u00e4.<\/p>\n\n\n\n<p class=\"has-medium-font-size\">Roolit vaihtelevat. Perusta ei.<\/p>\n\n\n\n<p class=\"has-medium-font-size\">Kristillinen usko on el\u00e4m\u00e4ni l\u00e4ht\u00f6kohta.<br>Se n\u00e4kyy vastuunkantona, p\u00e4\u00e4t\u00f6ksenteon selkeyten\u00e4 ja tapana kohdata ihmiset avoimesti ja kunnioittavasti.<\/p>\n\n\n\n<p class=\"has-medium-font-size\">En rakenna eri identiteettej\u00e4 eri ymp\u00e4rist\u00f6ihin.  <br>Toimin samojen periaatteiden varassa ty\u00f6ss\u00e4, tien p\u00e4\u00e4ll\u00e4 ja arjessa.<\/p>\n\n\n\n<hr class=\"wp-block-separator has-alpha-channel-opacity\"\/>\n\n\n\n<p class=\"is-style-text-subtitle has-large-font-size is-style-text-subtitle--1\" style=\"font-style:normal;font-weight:600\">Ydinperiaatteet<\/p>\n\n\n\n<p class=\"has-medium-font-size\">Vastuu kannetaan.<br>Asiat vied\u00e4\u00e4n loppuun.<br>Ihmiset kohdataan avoimesti ja kunnioittavasti.<\/p>\n<\/div>\n\n\n\n<div class=\"wp-block-group has-border-color has-accent-5-border-color has-accent-5-background-color has-background has-global-padding is-layout-constrained wp-block-group-is-layout-constrained\" style=\"border-width:12px;box-shadow:var(--wp--preset--shadow--deep)\">\n<p class=\"has-text-align-center is-style-text-subtitle has-x-large-font-size is-style-text-subtitle--2\" style=\"font-style:normal;font-weight:700\"><br><strong>Kolme polkua \u2013 yksi perusta<\/strong><br><\/p>\n\n\n\n<p>Johtajuus, moottoripy\u00f6r\u00e4matkojen opastaminen ja parisuhteiden tukeminen ovat el\u00e4m\u00e4ni polkuja.<br><br>Ne kaikki rakentuvat sen perustan varaan, jonka muodostavat vastuunotto, kunnioitus ja usko.  <\/p>\n<\/div>\n\n\n\n<div class=\"wp-block-buttons is-layout-flex wp-block-buttons-is-layout-flex\">\n<div class=\"wp-block-button has-custom-width wp-block-button__width-100\"><a class=\"wp-block-button__link has-accent-4-background-color has-background has-text-align-center wp-element-button\" href=\"https:\/\/www.tapiokyllonen.fi\/index.php\/kotisivu\/tietoa-minusta\/\" style=\"border-top-left-radius:5px;border-top-right-radius:5px;border-bottom-left-radius:5px;border-bottom-right-radius:5px;box-shadow:var(--wp--preset--shadow--deep)\">Lis\u00e4\u00e4 tietoa minusta<\/a><\/div>\n<\/div>\n\n\n\n<hr class=\"wp-block-separator has-alpha-channel-opacity\"\/>\n\n\n\n<div class=\"wp-block-columns is-layout-flex wp-container-core-columns-is-layout-28f84493 wp-block-columns-is-layout-flex\" style=\"box-shadow:none\">\n<div class=\"wp-block-column has-border-color has-accent-5-border-color has-accent-5-background-color has-background is-layout-flow wp-block-column-is-layout-flow\" style=\"border-width:12px;box-shadow:var(--wp--preset--shadow--deep)\">\n<p class=\"is-style-text-subtitle has-large-font-size is-style-text-subtitle--3\" style=\"font-style:normal;font-weight:600\">Johtajuus &amp; yhteis\u00f6t<\/p>\n\n\n\n<p class=\"has-medium-font-size\">Rakennan organisaatioihin selkeytt\u00e4, p\u00e4\u00e4t\u00f6ksentekokyky\u00e4 ja toimeenpanon kurinalaisuutta.<br><br>Autan varmistamaan, ett\u00e4 strategia ei j\u00e4\u00e4 suunnitelmaksi \u2013 vaan n\u00e4kyy arjen toiminnassa.<br><br><\/p>\n\n\n\n<div class=\"wp-block-buttons is-layout-flex wp-block-buttons-is-layout-flex\">\n<div class=\"wp-block-button has-custom-width wp-block-button__width-100\"><a class=\"wp-block-button__link has-accent-4-background-color has-background has-small-font-size has-custom-font-size wp-element-button\" href=\"https:\/\/www.tapiokyllonen.fi\/index.php\/kotisivu\/ammatillinen-ajattelu\/\" style=\"border-top-left-radius:5px;border-top-right-radius:5px;border-bottom-left-radius:5px;border-bottom-right-radius:5px;box-shadow:var(--wp--preset--shadow--natural)\">SKILLhill<\/a><\/div>\n<\/div>\n<\/div>\n\n\n\n<div class=\"wp-block-column has-border-color has-accent-5-border-color has-accent-5-background-color has-background is-layout-flow wp-block-column-is-layout-flow\" style=\"border-width:12px;box-shadow:var(--wp--preset--shadow--deep)\">\n<p class=\"is-style-text-subtitle has-large-font-size is-style-text-subtitle--4\" style=\"font-style:normal;font-weight:600\">Moottoripy\u00f6r\u00e4 &amp; matkat<\/p>\n\n\n\n<p class=\"has-medium-font-size\">Olen opastanut pieni\u00e4 ryhmi\u00e4 Suomessa ja kansainv\u00e4lisesti \u2013 Yhdysvalloissa, Ven\u00e4j\u00e4ll\u00e4 ja Euroopassa.<\/p>\n\n\n\n<p class=\"has-medium-font-size\">Hyv\u00e4 opas ei johda vauhdilla vaan valmistautumisella.<br>Riskit tunnistetaan etuk\u00e4teen. Vastuu muista on todellinen.<\/p>\n\n\n\n<div class=\"wp-block-buttons is-layout-flex wp-block-buttons-is-layout-flex\">\n<div class=\"wp-block-button has-custom-width wp-block-button__width-100\"><a class=\"wp-block-button__link has-accent-4-background-color has-background has-custom-font-size wp-element-button\" href=\"https:\/\/www.tapiokyllonen.fi\/index.php\/kotisivu\/tapio-kyllonen-2\/\" style=\"border-top-left-radius:5px;border-top-right-radius:5px;border-bottom-left-radius:5px;border-bottom-right-radius:5px;box-shadow:var(--wp--preset--shadow--natural);font-size:0.8rem\">Moottoripy\u00f6r\u00e4<\/a><\/div>\n<\/div>\n<\/div>\n\n\n\n<div class=\"wp-block-column is-style-default has-border-color has-accent-5-border-color has-accent-5-background-color has-background is-layout-flow wp-block-column-is-layout-flow\" style=\"border-width:12px;padding-top:0;padding-right:0;padding-bottom:0;padding-left:0;box-shadow:var(--wp--preset--shadow--deep)\">\n<p class=\"is-style-text-subtitle has-large-font-size is-style-text-subtitle--5\" style=\"font-style:normal;font-weight:600\">Parisuhteiden tukeminen<\/p>\n\n\n\n<p class=\"has-medium-font-size\">Toimin vapaaehtoisena parisuhdety\u00f6ss\u00e4 yhdess\u00e4 vaimoni kanssa.<br><br>Kyse ei ole terapiasta, vaan vastuullisesta ja rakenteellisesta tavasta vahvistaa suhteita.<br><br><\/p>\n\n\n\n<div class=\"wp-block-buttons is-layout-flex wp-block-buttons-is-layout-flex\">\n<div class=\"wp-block-button has-custom-width wp-block-button__width-100\"><a class=\"wp-block-button__link has-accent-4-background-color has-background has-custom-font-size wp-element-button\" href=\"https:\/\/www.tapiokyllonen.fi\/index.php\/kotisivu\/parisuhteiden-tukeminen\/\" style=\"border-top-left-radius:5px;border-top-right-radius:5px;border-bottom-left-radius:5px;border-bottom-right-radius:5px;box-shadow:var(--wp--preset--shadow--natural);font-size:0.8rem\">Parisuhdety\u00f6<\/a><\/div>\n<\/div>\n<\/div>\n<\/div>\n\n\n\n<div class=\"wp-block-group has-border-color has-accent-5-border-color has-accent-5-background-color has-background has-global-padding is-layout-constrained wp-block-group-is-layout-constrained\" style=\"border-width:12px;box-shadow:var(--wp--preset--shadow--deep)\">\n<p class=\"has-text-align-center is-style-text-subtitle has-large-font-size is-style-text-subtitle--6\" style=\"font-style:normal;font-weight:600\">Usko el\u00e4m\u00e4ni perusta<\/p>\n\n\n\n<p class=\"has-text-align-center has-medium-font-size\">Kristillinen usko on el\u00e4m\u00e4ni perusta.<br>Se ei ole erillinen osa-alue el\u00e4m\u00e4ss\u00e4ni, vaan n\u00e4k\u00f6kulma, josta k\u00e4sin kohtaan ihmiset, teen p\u00e4\u00e4t\u00f6ksi\u00e4 ja kannan vastuuta.<\/p>\n\n\n\n<div class=\"wp-block-buttons is-layout-flex wp-block-buttons-is-layout-flex\">\n<div class=\"wp-block-button has-custom-width wp-block-button__width-100\"><a class=\"wp-block-button__link has-accent-4-background-color has-background wp-element-button\" href=\"https:\/\/www.tapiokyllonen.fi\/index.php\/kotisivu\/usko\/\" style=\"border-top-left-radius:5px;border-top-right-radius:5px;border-bottom-left-radius:5px;border-bottom-right-radius:5px;box-shadow:var(--wp--preset--shadow--natural)\">El\u00e4m\u00e4ni kristittyn\u00e4<\/a><\/div>\n<\/div>\n<\/div>\n\n\n\n<div class=\"wp-block-group has-global-padding is-layout-constrained wp-block-group-is-layout-constrained\" style=\"box-shadow:var(--wp--preset--shadow--deep)\">\n<figure class=\"wp-block-image size-full\"><img loading=\"lazy\" decoding=\"async\" width=\"990\" height=\"424\" src=\"https:\/\/www.tapiokyllonen.fi\/wp-content\/uploads\/2026\/03\/Tie-uusi.jpg\" alt=\"\" class=\"wp-image-1124\" style=\"box-shadow:none\" srcset=\"https:\/\/www.tapiokyllonen.fi\/wp-content\/uploads\/2026\/03\/Tie-uusi.jpg 990w, https:\/\/www.tapiokyllonen.fi\/wp-content\/uploads\/2026\/03\/Tie-uusi-300x128.jpg 300w, https:\/\/www.tapiokyllonen.fi\/wp-content\/uploads\/2026\/03\/Tie-uusi-768x329.jpg 768w\" sizes=\"auto, (max-width: 990px) 100vw, 990px\" \/><\/figure>\n\n\n\n<figure class=\"wp-block-pullquote has-accent-5-background-color has-background has-x-large-font-size\" style=\"border-top-left-radius:5px;border-top-right-radius:5px;border-bottom-left-radius:5px;border-bottom-right-radius:5px;font-style:normal;font-weight:600\"><blockquote><p>El\u00e4m\u00e4 on matka.<\/p><cite>Johtaminen, moottoripy\u00f6r\u00e4t,<br>parisuhteiden tukeminen ja usko<br>ovat osa samaa tiet\u00e4.<\/cite><\/blockquote><\/figure>\n<\/div>\n\n\n\n<div class=\"wp-block-group has-border-color has-accent-5-background-color has-background has-global-padding is-layout-constrained wp-block-group-is-layout-constrained\" style=\"border-color:#FBFAF3;border-width:12px;border-top-left-radius:5px;border-top-right-radius:5px;border-bottom-left-radius:5px;border-bottom-right-radius:5px;box-shadow:var(--wp--preset--shadow--deep)\">\n<p class=\"is-style-text-subtitle has-large-font-size is-style-text-subtitle--7\" style=\"font-style:normal;font-weight:600\"><br><strong>Ajatteluni ydin<\/strong><br><\/p>\n\n\n\n<p class=\"has-medium-font-size\"><strong>L\u00e4sn\u00e4olo ennen ratkaisuja<\/strong><br>Ilman yhteist\u00e4 ymm\u00e4rryst\u00e4 ei synny kest\u00e4vi\u00e4 p\u00e4\u00e4t\u00f6ksi\u00e4.<br><br><strong>Luottamus on toimintaa<\/strong><br>Se rakentuu toistuvista, ennustettavista teoista \u2013 ei sanoista.<br><br><strong>Kulttuuri ennen koodia<\/strong><br>Tekniset ratkaisut, rakenteet ja sopimukset toimivat vain, jos ihmisten v\u00e4linen kulttuuri tukee niit\u00e4.<br><br><strong>Suunta on t\u00e4rke\u00e4mpi kuin nopeus<\/strong><br>Joskus pys\u00e4htyminen on viisain tapa edet\u00e4.<\/p>\n<\/div>\n\n\n\n<hr class=\"wp-block-separator has-alpha-channel-opacity\"\/>\n\n\n\n<div class=\"wp-block-group has-border-color has-accent-5-background-color has-background has-global-padding is-layout-constrained wp-block-group-is-layout-constrained\" style=\"border-color:#FBFAF3;border-width:12px;border-top-left-radius:5px;border-top-right-radius:5px;border-bottom-left-radius:5px;border-bottom-right-radius:5px;box-shadow:var(--wp--preset--shadow--deep)\">\n<p class=\"is-style-text-subtitle has-x-large-font-size is-style-text-subtitle--8\" style=\"font-style:normal;font-weight:600\"><br>Ota yhteytt\u00e4<br><\/p>\n\n\n\n<p class=\"has-medium-font-size\">Jos haluat keskustella ty\u00f6st\u00e4, Parempi avioliitto -toiminnasta tai opastetuista moottoripy\u00f6r\u00e4matkoista, ota yhteytt\u00e4.<br><br>Valitaan yhdess\u00e4 sopiva tapa jatkaa.<br><\/p>\n\n\n\n<p style=\"font-style:normal;font-weight:500\"><strong>Sijainti:<\/strong> P\u00e4\u00e4kaupunkiseutu, Kirkkonummi<br><strong>Toteutus:<\/strong> l\u00e4hi- tai et\u00e4yhteydell\u00e4 \u2022 matkat kansainv\u00e4lisesti<br><strong>Email<\/strong>: tapio(at)tapiokyllonen.fi<\/p>\n<\/div>\n\n\n\n<div class=\"wp-block-buttons is-layout-flex wp-block-buttons-is-layout-flex\">\n<div class=\"wp-block-button has-custom-width wp-block-button__width-100\"><a class=\"wp-block-button__link has-accent-4-background-color has-background wp-element-button\" href=\"https:\/\/www.tapiokyllonen.fi\/index.php\/kotisivu\/tietoa-minusta\/\" style=\"border-top-left-radius:5px;border-top-right-radius:5px;border-bottom-left-radius:5px;border-bottom-right-radius:5px;box-shadow:var(--wp--preset--shadow--natural)\">Lis\u00e4\u00e4 tietoa minusta<\/a><\/div>\n<\/div>\n\n\n\n<p><\/p>\n","protected":false},"excerpt":{"rendered":"<p>Luottamusta, rakennetta ja suuntaa \u2013 my\u00f6s paineen keskell\u00e4 Yksi el\u00e4m\u00e4. Useita rooleja. Sama perusta. Olen puoliso, is\u00e4, isois\u00e4, yritt\u00e4j\u00e4, moottoripy\u00f6r\u00e4ilij\u00e4 ja vapaaehtoinen parisuhdety\u00f6ss\u00e4. Roolit vaihtelevat. Perusta ei. Kristillinen usko on el\u00e4m\u00e4ni l\u00e4ht\u00f6kohta.Se n\u00e4kyy vastuunkantona, p\u00e4\u00e4t\u00f6ksenteon selkeyten\u00e4 ja tapana kohdata ihmiset avoimesti ja kunnioittavasti. En rakenna eri identiteettej\u00e4 eri ymp\u00e4rist\u00f6ihin. Toimin samojen periaatteiden varassa ty\u00f6ss\u00e4, tien [&hellip;]<\/p>\n","protected":false},"author":1,"featured_media":0,"parent":0,"menu_order":0,"comment_status":"closed","ping_status":"closed","template":"","meta":{"footnotes":""},"class_list":["post-1128","page","type-page","status-publish","hentry"],"_links":{"self":[{"href":"https:\/\/www.tapiokyllonen.fi\/index.php\/wp-json\/wp\/v2\/pages\/1128","targetHints":{"allow":["GET"]}}],"collection":[{"href":"https:\/\/www.tapiokyllonen.fi\/index.php\/wp-json\/wp\/v2\/pages"}],"about":[{"href":"https:\/\/www.tapiokyllonen.fi\/index.php\/wp-json\/wp\/v2\/types\/page"}],"author":[{"embeddable":true,"href":"https:\/\/www.tapiokyllonen.fi\/index.php\/wp-json\/wp\/v2\/users\/1"}],"replies":[{"embeddable":true,"href":"https:\/\/www.tapiokyllonen.fi\/index.php\/wp-json\/wp\/v2\/comments?post=1128"}],"version-history":[{"count":23,"href":"https:\/\/www.tapiokyllonen.fi\/index.php\/wp-json\/wp\/v2\/pages\/1128\/revisions"}],"predecessor-version":[{"id":1387,"href":"https:\/\/www.tapiokyllonen.fi\/index.php\/wp-json\/wp\/v2\/pages\/1128\/revisions\/1387"}],"wp:attachment":[{"href":"https:\/\/www.tapiokyllonen.fi\/index.php\/wp-json\/wp\/v2\/media?parent=1128"}],"curies":[{"name":"wp","href":"https:\/\/api.w.org\/{rel}","templated":true}]}}